{"id":447,"date":"2025-05-26T15:54:47","date_gmt":"2025-05-26T13:54:47","guid":{"rendered":"https:\/\/gigandgo.com\/blog\/"},"modified":"2025-08-06T11:30:19","modified_gmt":"2025-08-06T09:30:19","slug":"blog","status":"publish","type":"page","link":"https:\/\/gigandgo.com\/en\/blog\/","title":{"rendered":"Blog"},"content":{"rendered":"    \n    <section class=\"module--blog-highlights relative pt-68 lg:pt-8_61vw mw:pt-124 overflow-hidden\">\n      \n      <div class=\"swiper sw--blog relative\">\n\t\t\t\t<div class=\"swiper-wrapper !h-full\">\n\n\t\t\t\t\t\t\t\t\t\t<div class=\"swiper-slide !h-auto lg:grid lg:grid-cols-2\">\n\n            <a href=\"https:\/\/gigandgo.com\/en\/blog\/news\/remote-tour-management-how-to-coordinate-your-team-without-losing-control\/\" class=\"block\">\n              <picture class=\"block w-full h-autoXXX h-full mx-auto lg:scale-105 hover:scale-100 transition-scale duration-300\">\n                <source media=\"(min-width: 768px)\" srcset=\"https:\/\/gigandgo.com\/wp-content\/uploads\/2025\/05\/br_small-1024x807.jpg 2x\">\n                <img decoding=\"async\" class=\"block w-full h-full object-cover aspect-390\/344XXX lg:aspect-5\/4XXX\" src=\"https:\/\/gigandgo.com\/wp-content\/uploads\/2025\/05\/br_small-386x304.jpg\">\n              <\/picture>\n            <\/a>\n\n\t\t\t\t\t\t<div class=\"bg-black slide-content relative z-1 flex flex-col justify-between lg:justify-center w-full h-auto lg:h-full px-16 lg:px-6_11vw mw:px-88 py-32 lg:py-5_55vw mw:py-80 mx-auto\">\n\t\t\t\t\t\t\t<div class=\"w-full h-full lg:flex lg:flex-col lg:justify-center lg:items-center\">\n                <a href=\"https:\/\/gigandgo.com\/en\/blog\/news\/remote-tour-management-how-to-coordinate-your-team-without-losing-control\/\" class=\"block pb-24 lg:pb-3_33vw mw:pb-48\">\n                  <h2 class=\"h-title--anim font-black font-stretch-expanded text-white text-36 lg:text-36vw mw:text-36 text-center uppercase\">Remote Tour Management: How to Coordinate Your Team Without Losing Control<\/h2>\n                <\/a>\n                                <p class=\"h-subtitle--anim text-white font-semibold text-16 lg:text-18vw mw:text-18 text-center\">Nowadays, many managers and agencies work with multiple artists, simultaneous tours, and technical teams spread across various cities. Coordinating all this remotely\u2014without losing information or efficiency\u2014is possible\u2026 if you have the right tools. The key isn\u2019t making more calls or creating more WhatsApp groups. It\u2019s about centralizing information, setting clear processes, and relying on a [&hellip;]<\/p>\n                \t\t\t\t\t\t\t<\/div>\n\t\t\t\t\t\t\t<div class=\"h-btn--anim relative bottom-0 flex justify-center pt-48 lg:pt-5_55vw mw:pt-80 pb-40 lg:pb-2_77vw mw:pb-40 mt-autoX\">\n\t\t\t\t\t\t\t\t<a href=\"https:\/\/gigandgo.com\/en\/blog\/news\/remote-tour-management-how-to-coordinate-your-team-without-losing-control\/\" class=\"hover--anim-btn-bg bg-yellow block w-auto px-48 lg:px-3_33vw mw:px-48 py-12 lg:py-0_83 mw:py-12 mx-auto rounded-8 font-bold text-18 lg:text-18vw mw:text-18 leading-none lg:leading-none mw:leading-none\">Read more<\/a>\n\t\t\t\t\t\t\t<\/div>\n\t\t\t\t\t\t<\/div>\n\t\t\t\t\t\t\n\t\t\t\t\t<\/div>\n\t\t\t\t\t\t\t\t\t\t<div class=\"swiper-slide !h-auto lg:grid lg:grid-cols-2\">\n\n            <a href=\"https:\/\/gigandgo.com\/en\/blog\/news\/essential-checklist-for-music-managers-everything-you-cant-forget-on-tour\/\" class=\"block\">\n              <picture class=\"block w-full h-autoXXX h-full mx-auto lg:scale-105 hover:scale-100 transition-scale duration-300\">\n                <source media=\"(min-width: 768px)\" srcset=\"https:\/\/gigandgo.com\/wp-content\/uploads\/2025\/05\/bookandroll_post_03_listing-1024x807.jpg 2x\">\n                <img decoding=\"async\" class=\"block w-full h-full object-cover aspect-390\/344XXX lg:aspect-5\/4XXX\" src=\"https:\/\/gigandgo.com\/wp-content\/uploads\/2025\/05\/bookandroll_post_03_listing-386x304.jpg\">\n              <\/picture>\n            <\/a>\n\n\t\t\t\t\t\t<div class=\"bg-yellow slide-content relative z-1 flex flex-col justify-between lg:justify-center w-full h-auto lg:h-full px-16 lg:px-6_11vw mw:px-88 py-32 lg:py-5_55vw mw:py-80 mx-auto\">\n\t\t\t\t\t\t\t<div class=\"w-full h-full lg:flex lg:flex-col lg:justify-center lg:items-center\">\n                <a href=\"https:\/\/gigandgo.com\/en\/blog\/news\/essential-checklist-for-music-managers-everything-you-cant-forget-on-tour\/\" class=\"block pb-24 lg:pb-3_33vw mw:pb-48\">\n                  <h2 class=\"h-title--anim font-black font-stretch-expanded text-black text-36 lg:text-36vw mw:text-36 text-center uppercase\">Essential Checklist for Music Managers: Everything You Can\u2019t Forget on Tour<\/h2>\n                <\/a>\n                                <p class=\"h-subtitle--anim text-black font-semibold text-16 lg:text-18vw mw:text-18 text-center\">Organizing a music tour can be as exhilarating as it is stressful. Each show involves coordination, documentation, logistics, communication, and follow-up. As a music manager, you know that forgetting even one detail can compromise an entire date. That\u2019s why we\u2019ve created this practical, downloadable checklist to help you prepare each show with precision, efficiency, and [&hellip;]<\/p>\n                \t\t\t\t\t\t\t<\/div>\n\t\t\t\t\t\t\t<div class=\"h-btn--anim relative bottom-0 flex justify-center pt-48 lg:pt-5_55vw mw:pt-80 pb-40 lg:pb-2_77vw mw:pb-40 mt-autoX\">\n\t\t\t\t\t\t\t\t<a href=\"https:\/\/gigandgo.com\/en\/blog\/news\/essential-checklist-for-music-managers-everything-you-cant-forget-on-tour\/\" class=\"hover--anim-btn-bg-black bg-black text-yellow block w-auto px-48 lg:px-3_33vw mw:px-48 py-12 lg:py-0_83 mw:py-12 mx-auto rounded-8 font-bold text-18 lg:text-18vw mw:text-18 leading-none lg:leading-none mw:leading-none\">Read more<\/a>\n\t\t\t\t\t\t\t<\/div>\n\t\t\t\t\t\t<\/div>\n\t\t\t\t\t\t\n\t\t\t\t\t<\/div>\n\t\t\t\t\t\t\t\t\t\t<div class=\"swiper-slide !h-auto lg:grid lg:grid-cols-2\">\n\n            <a href=\"https:\/\/gigandgo.com\/en\/blog\/news\/the-new-era-of-music-booking-how-technology-is-changing-the-game\/\" class=\"block\">\n              <picture class=\"block w-full h-autoXXX h-full mx-auto lg:scale-105 hover:scale-100 transition-scale duration-300\">\n                <source media=\"(min-width: 768px)\" srcset=\"https:\/\/gigandgo.com\/wp-content\/uploads\/2025\/05\/bookandroll_post_02_listing-1024x807.jpg 2x\">\n                <img decoding=\"async\" class=\"block w-full h-full object-cover aspect-390\/344XXX lg:aspect-5\/4XXX\" src=\"https:\/\/gigandgo.com\/wp-content\/uploads\/2025\/05\/bookandroll_post_02_listing-386x304.jpg\">\n              <\/picture>\n            <\/a>\n\n\t\t\t\t\t\t<div class=\"bg-black slide-content relative z-1 flex flex-col justify-between lg:justify-center w-full h-auto lg:h-full px-16 lg:px-6_11vw mw:px-88 py-32 lg:py-5_55vw mw:py-80 mx-auto\">\n\t\t\t\t\t\t\t<div class=\"w-full h-full lg:flex lg:flex-col lg:justify-center lg:items-center\">\n                <a href=\"https:\/\/gigandgo.com\/en\/blog\/news\/the-new-era-of-music-booking-how-technology-is-changing-the-game\/\" class=\"block pb-24 lg:pb-3_33vw mw:pb-48\">\n                  <h2 class=\"h-title--anim font-black font-stretch-expanded text-white text-36 lg:text-36vw mw:text-36 text-center uppercase\">The New Era of Music Booking: How Technology Is Changing the Game<\/h2>\n                <\/a>\n                                <p class=\"h-subtitle--anim text-white font-semibold text-16 lg:text-18vw mw:text-18 text-center\">La industria musical est\u00e1 cambiando.\u00a0Lo que antes se resolv\u00eda con llamadas, hojas de Excel y correos interminables, hoy puede gestionarse en minutos con una sola herramienta. La digitalizaci\u00f3n ha llegado tambi\u00e9n al mundo del booking musical, y est\u00e1 transformando la forma en que artistas, managers y promotores trabajan juntos.<\/p>\n                \t\t\t\t\t\t\t<\/div>\n\t\t\t\t\t\t\t<div class=\"h-btn--anim relative bottom-0 flex justify-center pt-48 lg:pt-5_55vw mw:pt-80 pb-40 lg:pb-2_77vw mw:pb-40 mt-autoX\">\n\t\t\t\t\t\t\t\t<a href=\"https:\/\/gigandgo.com\/en\/blog\/news\/the-new-era-of-music-booking-how-technology-is-changing-the-game\/\" class=\"hover--anim-btn-bg bg-yellow block w-auto px-48 lg:px-3_33vw mw:px-48 py-12 lg:py-0_83 mw:py-12 mx-auto rounded-8 font-bold text-18 lg:text-18vw mw:text-18 leading-none lg:leading-none mw:leading-none\">Read more<\/a>\n\t\t\t\t\t\t\t<\/div>\n\t\t\t\t\t\t<\/div>\n\t\t\t\t\t\t\n\t\t\t\t\t<\/div>\n\t\t\t\t\t\t\t\t\t\t<div class=\"swiper-slide !h-auto lg:grid lg:grid-cols-2\">\n\n            <a href=\"https:\/\/gigandgo.com\/en\/blog\/news\/5-common-challenges-in-artist-management-and-how-to-avoid-them\/\" class=\"block\">\n              <picture class=\"block w-full h-autoXXX h-full mx-auto lg:scale-105 hover:scale-100 transition-scale duration-300\">\n                <source media=\"(min-width: 768px)\" srcset=\"https:\/\/gigandgo.com\/wp-content\/uploads\/2025\/04\/bookandroll_post_01_listing-1024x807.jpg 2x\">\n                <img decoding=\"async\" class=\"block w-full h-full object-cover aspect-390\/344XXX lg:aspect-5\/4XXX\" src=\"https:\/\/gigandgo.com\/wp-content\/uploads\/2025\/04\/bookandroll_post_01_listing-386x304.jpg\">\n              <\/picture>\n            <\/a>\n\n\t\t\t\t\t\t<div class=\"bg-yellow slide-content relative z-1 flex flex-col justify-between lg:justify-center w-full h-auto lg:h-full px-16 lg:px-6_11vw mw:px-88 py-32 lg:py-5_55vw mw:py-80 mx-auto\">\n\t\t\t\t\t\t\t<div class=\"w-full h-full lg:flex lg:flex-col lg:justify-center lg:items-center\">\n                <a href=\"https:\/\/gigandgo.com\/en\/blog\/news\/5-common-challenges-in-artist-management-and-how-to-avoid-them\/\" class=\"block pb-24 lg:pb-3_33vw mw:pb-48\">\n                  <h2 class=\"h-title--anim font-black font-stretch-expanded text-black text-36 lg:text-36vw mw:text-36 text-center uppercase\">5 Common Challenges in Artist Management\u2026 and How to Avoid Them<\/h2>\n                <\/a>\n                                <p class=\"h-subtitle--anim text-black font-semibold text-16 lg:text-18vw mw:text-18 text-center\">Gestionar artistas no es tarea f\u00e1cil. Desde cerrar conciertos hasta coordinar viajes, facturaci\u00f3n y contratos, el d\u00eda a d\u00eda de un manager musical est\u00e1 lleno de retos. En este art\u00edculo te mostramos\u00a05 problemas frecuentes en la gesti\u00f3n art\u00edstica\u2026 y c\u00f3mo puedes resolverlos de forma sencilla con tecnolog\u00eda.<\/p>\n                \t\t\t\t\t\t\t<\/div>\n\t\t\t\t\t\t\t<div class=\"h-btn--anim relative bottom-0 flex justify-center pt-48 lg:pt-5_55vw mw:pt-80 pb-40 lg:pb-2_77vw mw:pb-40 mt-autoX\">\n\t\t\t\t\t\t\t\t<a href=\"https:\/\/gigandgo.com\/en\/blog\/news\/5-common-challenges-in-artist-management-and-how-to-avoid-them\/\" class=\"hover--anim-btn-bg-black bg-black text-yellow block w-auto px-48 lg:px-3_33vw mw:px-48 py-12 lg:py-0_83 mw:py-12 mx-auto rounded-8 font-bold text-18 lg:text-18vw mw:text-18 leading-none lg:leading-none mw:leading-none\">Read more<\/a>\n\t\t\t\t\t\t\t<\/div>\n\t\t\t\t\t\t<\/div>\n\t\t\t\t\t\t\n\t\t\t\t\t<\/div>\n\t\t\t\t\t\n\t\t\t\t<\/div>\n\n\t\t\t\t<div class=\"swiper-pagination -yellow\"><\/div>\n\n\t\t\t<\/div>\n\n\t\t<\/section>\n    \n    \n    <section class=\"module--blog-slider section-subnav bg-white w-full overflow-hidden\">\n\t\t\t<div class=\"relative py-48 lg:py-6_11vw mw:py-88 px-16 lg:px-3_05vw mw:px-44 max-w-mw mx-auto\">\n\n\t\t\t\t<div class=\"relative z-1 lg:pb-3_33vw mw:pb-48\">\n          <h2 class=\"title--anim pb-32 lg:pb-0 font-bold font-stretch-expanded text-black text-32 lg:text-36vw mw:text-36 uppercase\">Latest articles<\/h2>\t\t\t\t<\/div>\n\n\t\t\t\t<div class=\"swiper sw--blog-posts !overflow-visible\">\n\t\t\t\t\t<div class=\"swiper-wrapper\">\n\t\t\t\t\t\t              <div class=\"swiper-slide !w-82% lg:!w-34vw lg:max-w-490\">\n                <a href=\"https:\/\/gigandgo.com\/en\/blog\/news\/artist-contract-essentials-non-negotiable-clauses-how-to-generate-them-easily-with-bookroll\/\" class=\"block blog-slider-item transition-all duration-300 rounded-8\">\n                  <div class=\"-img relative  aspect-294\/264 lg:aspect-square\">\n\n                    \n                    <picture class=\"relative z-10 block w-full h-full rounded-8 overflow-hidden\">\n                        <source media=\"(min-width: 768px)\" srcset=\"https:\/\/gigandgo.com\/wp-content\/uploads\/2025\/07\/br_med-1024x807.jpg 2x\">\n                        <img decoding=\"async\" class=\"block w-full h-full object-cover rounded-8 transition-all duration-300\" src=\"https:\/\/gigandgo.com\/wp-content\/uploads\/2025\/07\/br_med-386x304.jpg\">\n                    <\/picture>\n                  <\/div>\n\n                  <div class=\"-content pt-16 lg:pt-2_22vw mw:pt-32 lg:pb-0_83vw mw:pb-12\">\n                    <p class=\"font-semibold text-black text-18 lg:text-18vw mw:text-18\">Artist Contract Essentials: Non-Negotiable Clauses &amp; How to Generate Them Easily with Gig&amp;Go<\/p>\n                  <\/div>\n                <\/a>\n              <\/div>\n                            <div class=\"swiper-slide !w-82% lg:!w-34vw lg:max-w-490\">\n                <a href=\"https:\/\/gigandgo.com\/en\/blog\/news\/remote-tour-management-how-to-coordinate-your-team-without-losing-control\/\" class=\"block blog-slider-item transition-all duration-300 rounded-8\">\n                  <div class=\"-img relative my-16 lg:my-1_66vw mw:my-24 aspect-294\/232 lg:aspect-490\/442\">\n\n                    \n                    <picture class=\"relative z-10 block w-full h-full rounded-8 overflow-hidden\">\n                        <source media=\"(min-width: 768px)\" srcset=\"https:\/\/gigandgo.com\/wp-content\/uploads\/2025\/05\/br_small-1024x807.jpg 2x\">\n                        <img decoding=\"async\" class=\"block w-full h-full object-cover rounded-8 transition-all duration-300\" src=\"https:\/\/gigandgo.com\/wp-content\/uploads\/2025\/05\/br_small-386x304.jpg\">\n                    <\/picture>\n                  <\/div>\n\n                  <div class=\"-content pt-16 lg:pt-2_22vw mw:pt-32 lg:pb-0_83vw mw:pb-12\">\n                    <p class=\"font-semibold text-black text-18 lg:text-18vw mw:text-18\">Remote Tour Management: How to Coordinate Your Team Without Losing Control<\/p>\n                  <\/div>\n                <\/a>\n              <\/div>\n                            <div class=\"swiper-slide !w-82% lg:!w-34vw lg:max-w-490\">\n                <a href=\"https:\/\/gigandgo.com\/en\/blog\/news\/essential-checklist-for-music-managers-everything-you-cant-forget-on-tour\/\" class=\"block blog-slider-item transition-all duration-300 rounded-8\">\n                  <div class=\"-img relative  aspect-294\/264 lg:aspect-square\">\n\n                    \n                    <picture class=\"relative z-10 block w-full h-full rounded-8 overflow-hidden\">\n                        <source media=\"(min-width: 768px)\" srcset=\"https:\/\/gigandgo.com\/wp-content\/uploads\/2025\/05\/bookandroll_post_03_listing-1024x807.jpg 2x\">\n                        <img decoding=\"async\" class=\"block w-full h-full object-cover rounded-8 transition-all duration-300\" src=\"https:\/\/gigandgo.com\/wp-content\/uploads\/2025\/05\/bookandroll_post_03_listing-386x304.jpg\">\n                    <\/picture>\n                  <\/div>\n\n                  <div class=\"-content pt-16 lg:pt-2_22vw mw:pt-32 lg:pb-0_83vw mw:pb-12\">\n                    <p class=\"font-semibold text-black text-18 lg:text-18vw mw:text-18\">Essential Checklist for Music Managers: Everything You Can\u2019t Forget on Tour<\/p>\n                  <\/div>\n                <\/a>\n              <\/div>\n                            <div class=\"swiper-slide !w-82% lg:!w-34vw lg:max-w-490\">\n                <a href=\"https:\/\/gigandgo.com\/en\/blog\/news\/the-new-era-of-music-booking-how-technology-is-changing-the-game\/\" class=\"block blog-slider-item transition-all duration-300 rounded-8\">\n                  <div class=\"-img relative my-16 lg:my-1_66vw mw:my-24 aspect-294\/232 lg:aspect-490\/442\">\n\n                    \n                    <picture class=\"relative z-10 block w-full h-full rounded-8 overflow-hidden\">\n                        <source media=\"(min-width: 768px)\" srcset=\"https:\/\/gigandgo.com\/wp-content\/uploads\/2025\/05\/bookandroll_post_02_listing-1024x807.jpg 2x\">\n                        <img decoding=\"async\" class=\"block w-full h-full object-cover rounded-8 transition-all duration-300\" src=\"https:\/\/gigandgo.com\/wp-content\/uploads\/2025\/05\/bookandroll_post_02_listing-386x304.jpg\">\n                    <\/picture>\n                  <\/div>\n\n                  <div class=\"-content pt-16 lg:pt-2_22vw mw:pt-32 lg:pb-0_83vw mw:pb-12\">\n                    <p class=\"font-semibold text-black text-18 lg:text-18vw mw:text-18\">The New Era of Music Booking: How Technology Is Changing the Game<\/p>\n                  <\/div>\n                <\/a>\n              <\/div>\n                            <div class=\"swiper-slide !w-82% lg:!w-34vw lg:max-w-490\">\n                <a href=\"https:\/\/gigandgo.com\/en\/blog\/news\/5-common-challenges-in-artist-management-and-how-to-avoid-them\/\" class=\"block blog-slider-item transition-all duration-300 rounded-8\">\n                  <div class=\"-img relative  aspect-294\/264 lg:aspect-square\">\n\n                    \n                    <picture class=\"relative z-10 block w-full h-full rounded-8 overflow-hidden\">\n                        <source media=\"(min-width: 768px)\" srcset=\"https:\/\/gigandgo.com\/wp-content\/uploads\/2025\/04\/bookandroll_post_01_listing-1024x807.jpg 2x\">\n                        <img decoding=\"async\" class=\"block w-full h-full object-cover rounded-8 transition-all duration-300\" src=\"https:\/\/gigandgo.com\/wp-content\/uploads\/2025\/04\/bookandroll_post_01_listing-386x304.jpg\">\n                    <\/picture>\n                  <\/div>\n\n                  <div class=\"-content pt-16 lg:pt-2_22vw mw:pt-32 lg:pb-0_83vw mw:pb-12\">\n                    <p class=\"font-semibold text-black text-18 lg:text-18vw mw:text-18\">5 Common Challenges in Artist Management\u2026 and How to Avoid Them<\/p>\n                  <\/div>\n                <\/a>\n              <\/div>\n              \t\t\t\t\t<\/div>\n\t\t\t\t\t<div class=\"swiper-button-next\"><\/div>\n\t\t\t\t\t<div class=\"swiper-button-prev\"><\/div>\n\t\t\t\t<\/div>\n\n\t\t\t<\/div>\n\t\t<\/section>\n    \n","protected":false},"excerpt":{"rendered":"","protected":false},"author":1,"featured_media":0,"parent":0,"menu_order":0,"comment_status":"closed","ping_status":"closed","template":"page-blog.php","meta":{"_acf_changed":false,"footnotes":""},"class_list":["post-447","page","type-page","status-publish","hentry"],"acf":[],"yoast_head":"<!-- This site is optimized with the Yoast SEO plugin v25.6 - https:\/\/yoast.com\/wordpress\/plugins\/seo\/ -->\n<title>Blog\u202f| Tips &amp; resources for music managers\u202f| Gig&amp;Go<\/title>\n<meta name=\"description\" content=\"Explore helpful articles, tools and advice for music managers, promoters and artists. Enhance your workflow with insights from Gig&amp;Go.\" \/>\n<meta name=\"robots\" content=\"index, follow, max-snippet:-1, max-image-preview:large, max-video-preview:-1\" \/>\n<link rel=\"canonical\" href=\"https:\/\/gigandgo.com\/en\/blog\/\" \/>\n<meta property=\"og:locale\" content=\"en_US\" \/>\n<meta property=\"og:type\" content=\"article\" \/>\n<meta property=\"og:title\" content=\"Blog\u202f| Tips &amp; resources for music managers\u202f| Gig&amp;Go\" \/>\n<meta property=\"og:description\" content=\"Explore helpful articles, tools and advice for music managers, promoters and artists. Enhance your workflow with insights from Gig&amp;Go.\" \/>\n<meta property=\"og:url\" content=\"https:\/\/gigandgo.com\/en\/blog\/\" \/>\n<meta property=\"og:site_name\" content=\"Gig&amp;Go\" \/>\n<meta property=\"article:modified_time\" content=\"2025-08-06T09:30:19+00:00\" \/>\n<meta name=\"twitter:card\" content=\"summary_large_image\" \/>\n<script type=\"application\/ld+json\" class=\"yoast-schema-graph\">{\"@context\":\"https:\/\/schema.org\",\"@graph\":[{\"@type\":\"WebPage\",\"@id\":\"https:\/\/gigandgo.com\/en\/blog\/\",\"url\":\"https:\/\/gigandgo.com\/en\/blog\/\",\"name\":\"Blog\u202f| Tips & resources for music managers\u202f| Gig&Go\",\"isPartOf\":{\"@id\":\"https:\/\/gigandgo.com\/en\/#website\"},\"datePublished\":\"2025-05-26T13:54:47+00:00\",\"dateModified\":\"2025-08-06T09:30:19+00:00\",\"description\":\"Explore helpful articles, tools and advice for music managers, promoters and artists. Enhance your workflow with insights from Gig&Go.\",\"breadcrumb\":{\"@id\":\"https:\/\/gigandgo.com\/en\/blog\/#breadcrumb\"},\"inLanguage\":\"en-US\",\"potentialAction\":[{\"@type\":\"ReadAction\",\"target\":[\"https:\/\/gigandgo.com\/en\/blog\/\"]}]},{\"@type\":\"BreadcrumbList\",\"@id\":\"https:\/\/gigandgo.com\/en\/blog\/#breadcrumb\",\"itemListElement\":[{\"@type\":\"ListItem\",\"position\":1,\"name\":\"Portada\",\"item\":\"https:\/\/gigandgo.com\/en\/\"},{\"@type\":\"ListItem\",\"position\":2,\"name\":\"Blog\"}]},{\"@type\":\"WebSite\",\"@id\":\"https:\/\/gigandgo.com\/en\/#website\",\"url\":\"https:\/\/gigandgo.com\/en\/\",\"name\":\"Gig&Go\",\"description\":\"GIG&amp;GO es la herramienta definitiva para managers y empresas que gestionan artistas. Organiza contratos, calendarios, eventos, viajes y finanzas en una sola plataforma, optimizando la planificaci\u00f3n y el control operativo.\",\"publisher\":{\"@id\":\"https:\/\/gigandgo.com\/en\/#organization\"},\"potentialAction\":[{\"@type\":\"SearchAction\",\"target\":{\"@type\":\"EntryPoint\",\"urlTemplate\":\"https:\/\/gigandgo.com\/en\/?s={search_term_string}\"},\"query-input\":{\"@type\":\"PropertyValueSpecification\",\"valueRequired\":true,\"valueName\":\"search_term_string\"}}],\"inLanguage\":\"en-US\"},{\"@type\":\"Organization\",\"@id\":\"https:\/\/gigandgo.com\/en\/#organization\",\"name\":\"Gig&Go\",\"url\":\"https:\/\/gigandgo.com\/en\/\",\"logo\":{\"@type\":\"ImageObject\",\"inLanguage\":\"en-US\",\"@id\":\"https:\/\/gigandgo.com\/en\/#\/schema\/logo\/image\/\",\"url\":\"https:\/\/gigandgo.com\/wp-content\/uploads\/2025\/08\/gng_banner_web.png\",\"contentUrl\":\"https:\/\/gigandgo.com\/wp-content\/uploads\/2025\/08\/gng_banner_web.png\",\"width\":1448,\"height\":936,\"caption\":\"Gig&Go\"},\"image\":{\"@id\":\"https:\/\/gigandgo.com\/en\/#\/schema\/logo\/image\/\"},\"sameAs\":[\"https:\/\/www.instagram.com\/gigandgo_app\/\",\"https:\/\/www.linkedin.com\/company\/gig-go\/\",\"https:\/\/www.tiktok.com\/@gigandgo\",\"https:\/\/www.youtube.com\/@gigandgo\"]}]}<\/script>\n<!-- \/ Yoast SEO plugin. -->","yoast_head_json":{"title":"Blog\u202f| Tips & resources for music managers\u202f| Gig&Go","description":"Explore helpful articles, tools and advice for music managers, promoters and artists. Enhance your workflow with insights from Gig&Go.","robots":{"index":"index","follow":"follow","max-snippet":"max-snippet:-1","max-image-preview":"max-image-preview:large","max-video-preview":"max-video-preview:-1"},"canonical":"https:\/\/gigandgo.com\/en\/blog\/","og_locale":"en_US","og_type":"article","og_title":"Blog\u202f| Tips & resources for music managers\u202f| Gig&Go","og_description":"Explore helpful articles, tools and advice for music managers, promoters and artists. Enhance your workflow with insights from Gig&Go.","og_url":"https:\/\/gigandgo.com\/en\/blog\/","og_site_name":"Gig&amp;Go","article_modified_time":"2025-08-06T09:30:19+00:00","twitter_card":"summary_large_image","schema":{"@context":"https:\/\/schema.org","@graph":[{"@type":"WebPage","@id":"https:\/\/gigandgo.com\/en\/blog\/","url":"https:\/\/gigandgo.com\/en\/blog\/","name":"Blog\u202f| Tips & resources for music managers\u202f| Gig&Go","isPartOf":{"@id":"https:\/\/gigandgo.com\/en\/#website"},"datePublished":"2025-05-26T13:54:47+00:00","dateModified":"2025-08-06T09:30:19+00:00","description":"Explore helpful articles, tools and advice for music managers, promoters and artists. Enhance your workflow with insights from Gig&Go.","breadcrumb":{"@id":"https:\/\/gigandgo.com\/en\/blog\/#breadcrumb"},"inLanguage":"en-US","potentialAction":[{"@type":"ReadAction","target":["https:\/\/gigandgo.com\/en\/blog\/"]}]},{"@type":"BreadcrumbList","@id":"https:\/\/gigandgo.com\/en\/blog\/#breadcrumb","itemListElement":[{"@type":"ListItem","position":1,"name":"Portada","item":"https:\/\/gigandgo.com\/en\/"},{"@type":"ListItem","position":2,"name":"Blog"}]},{"@type":"WebSite","@id":"https:\/\/gigandgo.com\/en\/#website","url":"https:\/\/gigandgo.com\/en\/","name":"Gig&Go","description":"GIG&amp;GO es la herramienta definitiva para managers y empresas que gestionan artistas. Organiza contratos, calendarios, eventos, viajes y finanzas en una sola plataforma, optimizando la planificaci\u00f3n y el control operativo.","publisher":{"@id":"https:\/\/gigandgo.com\/en\/#organization"},"potentialAction":[{"@type":"SearchAction","target":{"@type":"EntryPoint","urlTemplate":"https:\/\/gigandgo.com\/en\/?s={search_term_string}"},"query-input":{"@type":"PropertyValueSpecification","valueRequired":true,"valueName":"search_term_string"}}],"inLanguage":"en-US"},{"@type":"Organization","@id":"https:\/\/gigandgo.com\/en\/#organization","name":"Gig&Go","url":"https:\/\/gigandgo.com\/en\/","logo":{"@type":"ImageObject","inLanguage":"en-US","@id":"https:\/\/gigandgo.com\/en\/#\/schema\/logo\/image\/","url":"https:\/\/gigandgo.com\/wp-content\/uploads\/2025\/08\/gng_banner_web.png","contentUrl":"https:\/\/gigandgo.com\/wp-content\/uploads\/2025\/08\/gng_banner_web.png","width":1448,"height":936,"caption":"Gig&Go"},"image":{"@id":"https:\/\/gigandgo.com\/en\/#\/schema\/logo\/image\/"},"sameAs":["https:\/\/www.instagram.com\/gigandgo_app\/","https:\/\/www.linkedin.com\/company\/gig-go\/","https:\/\/www.tiktok.com\/@gigandgo","https:\/\/www.youtube.com\/@gigandgo"]}]}},"_links":{"self":[{"href":"https:\/\/gigandgo.com\/en\/wp-json\/wp\/v2\/pages\/447","targetHints":{"allow":["GET"]}}],"collection":[{"href":"https:\/\/gigandgo.com\/en\/wp-json\/wp\/v2\/pages"}],"about":[{"href":"https:\/\/gigandgo.com\/en\/wp-json\/wp\/v2\/types\/page"}],"author":[{"embeddable":true,"href":"https:\/\/gigandgo.com\/en\/wp-json\/wp\/v2\/users\/1"}],"replies":[{"embeddable":true,"href":"https:\/\/gigandgo.com\/en\/wp-json\/wp\/v2\/comments?post=447"}],"version-history":[{"count":1,"href":"https:\/\/gigandgo.com\/en\/wp-json\/wp\/v2\/pages\/447\/revisions"}],"predecessor-version":[{"id":556,"href":"https:\/\/gigandgo.com\/en\/wp-json\/wp\/v2\/pages\/447\/revisions\/556"}],"wp:attachment":[{"href":"https:\/\/gigandgo.com\/en\/wp-json\/wp\/v2\/media?parent=447"}],"curies":[{"name":"wp","href":"https:\/\/api.w.org\/{rel}","templated":true}]}}